{"id":200,"date":"2017-10-26T03:13:24","date_gmt":"2017-10-26T01:13:24","guid":{"rendered":"https:\/\/www.fv-gewi.at\/gezeit\/?page_id=200"},"modified":"2017-10-28T10:01:27","modified_gmt":"2017-10-28T08:01:27","slug":"ausgabe-2015","status":"publish","type":"page","link":"https:\/\/gewi.bagru.at\/gezeit\/ausgabe-2015\/","title":{"rendered":"2015:  K\u00f6rper &#8211; Macht &#8211; Sex"},"content":{"rendered":"<h2>Inhaltsverzeichnis:<\/h2>\n<ul id=\"lcp_instance_0\" class=\"lcp_catlist\">\n<li><a title=\"Editorial\" href=\"\/gezeit\/archiv\/2015\/editorial-4\/\">Editorial<\/a><\/li>\n<li><a title=\"Lehrk\u00f6rper\" href=\"\/gezeit\/archiv\/2015\/lehrkoerper\/\">Lehrk\u00f6rper<\/a><\/li>\n<li><a title=\"K\u00f6rper, Macht und Normativit\u00e4t der Uni\" href=\"\/gezeit\/archiv\/2015\/koerper-macht-und-normativitaet-der-uni\/\">K\u00f6rper, Macht und Normativit\u00e4t der Uni<\/a><\/li>\n<li><a title=\"Let\u2018s talk about\u2026 porn!\" href=\"\/gezeit\/archiv\/2015\/lets-talk-about-porn\/\">Let\u2018s talk about\u2026 porn!<\/a><\/li>\n<li><a title=\"Bi- und Pansexualit\u00e4t\" href=\"\/gezeit\/archiv\/2015\/bi-und-pansexualitaet\/\">Bi- und Pansexualit\u00e4t<\/a><\/li>\n<li><a title=\"LGBTI(A?)Q\" href=\"\/gezeit\/archiv\/2015\/lgbtiaq\/\">LGBTI(A?)Q<\/a><\/li>\n<li>Bei der Theorie nehmen<\/li>\n<li><a title=\"\u00bbWie schaffst du das eigentlich alles?\u00ab\" href=\"\/gezeit\/archiv\/2015\/wie-schaffst-du-das-eigentlich-alles\/\">\u00bbWie schaffst du das eigentlich alles?\u00ab<\/a><\/li>\n<li>Leistung statt Trauma<\/li>\n<li><a title=\"Love parties \u2013 hate sexism!\" href=\"\/gezeit\/archiv\/2015\/love-parties-hate-sexism\/\">Love parties \u2013 hate sexism!<\/a><\/li>\n<\/ul>\n<p><a href=\"\/gezeit\/wp-content\/uploads\/sites\/2\/2017\/10\/gezeit_2015_a4.pdf\">Download (PDF)<\/a><\/p>\n","protected":false},"excerpt":{"rendered":"<p>Inhaltsverzeichnis: Editorial Lehrk\u00f6rper K\u00f6rper, Macht und Normativit\u00e4t der Uni Let\u2018s talk about\u2026 porn! Bi- und Pansexualit\u00e4t LGBTI(A?)Q Bei der Theorie nehmen \u00bbWie schaffst du das eigentlich alles?\u00ab Leistung statt Trauma Love parties \u2013 hate sexism! Download (PDF)<\/p>\n","protected":false},"author":2,"featured_media":0,"parent":0,"menu_order":0,"comment_status":"closed","ping_status":"closed","template":"","meta":{"inline_featured_image":false,"footnotes":""},"coauthors":[30],"class_list":["post-200","page","type-page","status-publish","hentry"],"_links":{"self":[{"href":"https:\/\/gewi.bagru.at\/gezeit\/wp-json\/wp\/v2\/pages\/200","targetHints":{"allow":["GET"]}}],"collection":[{"href":"https:\/\/gewi.bagru.at\/gezeit\/wp-json\/wp\/v2\/pages"}],"about":[{"href":"https:\/\/gewi.bagru.at\/gezeit\/wp-json\/wp\/v2\/types\/page"}],"author":[{"embeddable":true,"href":"https:\/\/gewi.bagru.at\/gezeit\/wp-json\/wp\/v2\/users\/2"}],"replies":[{"embeddable":true,"href":"https:\/\/gewi.bagru.at\/gezeit\/wp-json\/wp\/v2\/comments?post=200"}],"version-history":[{"count":7,"href":"https:\/\/gewi.bagru.at\/gezeit\/wp-json\/wp\/v2\/pages\/200\/revisions"}],"predecessor-version":[{"id":295,"href":"https:\/\/gewi.bagru.at\/gezeit\/wp-json\/wp\/v2\/pages\/200\/revisions\/295"}],"wp:attachment":[{"href":"https:\/\/gewi.bagru.at\/gezeit\/wp-json\/wp\/v2\/media?parent=200"}],"wp:term":[{"taxonomy":"author","embeddable":true,"href":"https:\/\/gewi.bagru.at\/gezeit\/wp-json\/wp\/v2\/coauthors?post=200"}],"curies":[{"name":"wp","href":"https:\/\/api.w.org\/{rel}","templated":true}]}}