{"id":491,"date":"2018-07-06T10:04:34","date_gmt":"2018-07-06T08:04:34","guid":{"rendered":"https:\/\/www.fv-gewi.at\/gezeit\/?page_id=491"},"modified":"2025-02-16T07:51:24","modified_gmt":"2025-02-16T06:51:24","slug":"ausgabe-2017","status":"publish","type":"page","link":"https:\/\/gewi.bagru.at\/gezeit\/ausgabe-2017\/","title":{"rendered":"2017: Antisemitismus &amp; Geschlecht"},"content":{"rendered":"<h2>Inhaltsverzeichnis:<\/h2>\n<ul>\n<li><a href=\"\/gezeit\/archiv\/2017\/editorial-zum-menschenrecht-auf-beleidigtsein\/\">Zum Menschenrecht auf Beleidigtsein<\/a><\/li>\n<li><a href=\"\/gezeit\/archiv\/2017\/wer-die-hexen-jagt-der-jagt-auch-die-juden\/\">\u201eWer die Hexen jagt, der jagt auch die Juden\u201c<\/a><\/li>\n<li><a href=\"\/gezeit\/archiv\/2017\/queer-bds-intersektionalitaet-auf-falschen-wegen\/\">Queer BDS \u2013 Intersektionalit\u00e4t auf falschen Wegen<\/a><\/li>\n<li><a href=\"\/gezeit\/archiv\/2017\/die-autoritaere-persoenlichkeit\/\">Die autorit\u00e4re Pers\u00f6nlichkeit<\/a><\/li>\n<li><a href=\"\/gezeit\/archiv\/2017\/das-gewitter-in-der-wolke\/\">Das Gewitter in der Wolke<\/a><\/li>\n<li><a href=\"\/gezeit\/archiv\/2017\/antisemitismus-im-queerformat\/\">Antisemitismus im Queerformat<\/a><\/li>\n<li><a href=\"\/gezeit\/archiv\/2017\/__trashed\/\">Eichmanns Schatten &#8211; Groschenromane des Traumas<\/a><\/li>\n<li><a href=\"\/gezeit\/archiv\/2017\/unheimliche-animositaeten\/\">Unheimliche Animosit\u00e4ten<\/a><\/li>\n<li><a href=\"\/gezeit\/archiv\/2017\/epistemologie-des-wahns\/\">Epistemologie des Wahns<\/a><\/li>\n<li><a href=\"\/gezeit\/archiv\/2017\/vereint-gegen-israel-diskursiv-in-den-antisemitismus\/\">Vereint gegen Israel &#8211; diskursiv in den Antisemitismus<\/a><\/li>\n<\/ul>\n\n\n<p><a href=\"\/wp-content\/uploads\/2024\/06\/gezeit_2017_a4-1.pdf\">Download (PDF)<\/a><\/p>\n","protected":false},"excerpt":{"rendered":"<p>Inhaltsverzeichnis: Zum Menschenrecht auf Beleidigtsein \u201eWer die Hexen jagt, der jagt auch die Juden\u201c Queer BDS \u2013 Intersektionalit\u00e4t auf falschen Wegen Die autorit\u00e4re Pers\u00f6nlichkeit Das Gewitter in der Wolke Antisemitismus im Queerformat Eichmanns Schatten &#8211; Groschenromane des Traumas Unheimliche Animosit\u00e4ten&hellip; <a href=\"https:\/\/gewi.bagru.at\/gezeit\/ausgabe-2017\/\" class=\"more-link\">Weiterlesen <span class=\"meta-nav\">&rarr;<\/span><\/a><\/p>\n","protected":false},"author":1,"featured_media":0,"parent":0,"menu_order":0,"comment_status":"closed","ping_status":"closed","template":"","meta":{"inline_featured_image":false,"footnotes":""},"coauthors":[31],"class_list":["post-491","page","type-page","status-publish","hentry"],"_links":{"self":[{"href":"https:\/\/gewi.bagru.at\/gezeit\/wp-json\/wp\/v2\/pages\/491","targetHints":{"allow":["GET"]}}],"collection":[{"href":"https:\/\/gewi.bagru.at\/gezeit\/wp-json\/wp\/v2\/pages"}],"about":[{"href":"https:\/\/gewi.bagru.at\/gezeit\/wp-json\/wp\/v2\/types\/page"}],"author":[{"embeddable":true,"href":"https:\/\/gewi.bagru.at\/gezeit\/wp-json\/wp\/v2\/users\/1"}],"replies":[{"embeddable":true,"href":"https:\/\/gewi.bagru.at\/gezeit\/wp-json\/wp\/v2\/comments?post=491"}],"version-history":[{"count":11,"href":"https:\/\/gewi.bagru.at\/gezeit\/wp-json\/wp\/v2\/pages\/491\/revisions"}],"predecessor-version":[{"id":786,"href":"https:\/\/gewi.bagru.at\/gezeit\/wp-json\/wp\/v2\/pages\/491\/revisions\/786"}],"wp:attachment":[{"href":"https:\/\/gewi.bagru.at\/gezeit\/wp-json\/wp\/v2\/media?parent=491"}],"wp:term":[{"taxonomy":"author","embeddable":true,"href":"https:\/\/gewi.bagru.at\/gezeit\/wp-json\/wp\/v2\/coauthors?post=491"}],"curies":[{"name":"wp","href":"https:\/\/api.w.org\/{rel}","templated":true}]}}