{"id":8,"date":"2017-10-19T03:10:02","date_gmt":"2017-10-19T01:10:02","guid":{"rendered":"https:\/\/www.fv-gewi.at\/gezeit\/?page_id=8"},"modified":"2017-10-28T10:36:15","modified_gmt":"2017-10-28T08:36:15","slug":"about","status":"publish","type":"page","link":"https:\/\/gewi.bagru.at\/gezeit\/","title":{"rendered":""},"content":{"rendered":"<p>Die gezeit ist die wunderbare Zeitung der Gewi und erscheint regelm\u00e4\u00dfig unregelm\u00e4\u00dfig. Redaktionssitzungen finden (zur Zeit) unregelm\u00e4\u00dfig statt und sind wie unsere Plena offen f\u00fcr alle. Das hei\u00dft, dass jedeR, die\/der m\u00f6chte gerne hinkommen, zuh\u00f6ren und mitmachen kann!<\/p>\n<p>Jede gezeit ist einem Schwerpunktthema gewidmet, das in unterschiedlichen Artikeln besprochen und diskutiert wird. Zus\u00e4tzlich gibt es meistens Artikel zu aktuellen bildungspolitischen Themen und Platz f\u00fcr kreativere Ausw\u00fcchse, wie auch Soli-Inserate von Projekten, die wir unterst\u00fctzenswert finden.<\/p>\n<p>Wer Lust hat, zu schreiben, zu fotografieren, anders kreativ zu werden oder einfach mal Einblick in die Produktion einer Zeitung gewinnen m\u00f6chte, melde sich einfach bei uns!<\/p>\n<p>Die aktuellen Ausgaben der gezeit bekommst du nat\u00fcrlich jederzeit zu unseren Journaldienstzeiten oder wenn die Gewi aus sonstigen Gr\u00fcnden ge\u00f6ffnet ist (sie liegen am Info-Tisch im Eingansbereich der Gewi) &#8211; sie sind gratis. Au\u00dferdem freuen wir uns, wenn du ein paar einpacken und an anderen Orten auslegen willst!<\/p>\n","protected":false},"excerpt":{"rendered":"<p>Die gezeit ist die wunderbare Zeitung der Gewi und erscheint regelm\u00e4\u00dfig unregelm\u00e4\u00dfig. Redaktionssitzungen finden (zur Zeit) unregelm\u00e4\u00dfig statt und sind wie unsere Plena offen f\u00fcr alle. Das hei\u00dft, dass jedeR, die\/der m\u00f6chte gerne hinkommen, zuh\u00f6ren und mitmachen kann! Jede gezeit&hellip; <a href=\"https:\/\/gewi.bagru.at\/gezeit\/\" class=\"more-link\">Weiterlesen <span class=\"meta-nav\">&rarr;<\/span><\/a><\/p>\n","protected":false},"author":1,"featured_media":0,"parent":0,"menu_order":0,"comment_status":"closed","ping_status":"closed","template":"","meta":{"inline_featured_image":false,"footnotes":""},"coauthors":[31],"class_list":["post-8","page","type-page","status-publish","hentry"],"_links":{"self":[{"href":"https:\/\/gewi.bagru.at\/gezeit\/wp-json\/wp\/v2\/pages\/8","targetHints":{"allow":["GET"]}}],"collection":[{"href":"https:\/\/gewi.bagru.at\/gezeit\/wp-json\/wp\/v2\/pages"}],"about":[{"href":"https:\/\/gewi.bagru.at\/gezeit\/wp-json\/wp\/v2\/types\/page"}],"author":[{"embeddable":true,"href":"https:\/\/gewi.bagru.at\/gezeit\/wp-json\/wp\/v2\/users\/1"}],"replies":[{"embeddable":true,"href":"https:\/\/gewi.bagru.at\/gezeit\/wp-json\/wp\/v2\/comments?post=8"}],"version-history":[{"count":6,"href":"https:\/\/gewi.bagru.at\/gezeit\/wp-json\/wp\/v2\/pages\/8\/revisions"}],"predecessor-version":[{"id":304,"href":"https:\/\/gewi.bagru.at\/gezeit\/wp-json\/wp\/v2\/pages\/8\/revisions\/304"}],"wp:attachment":[{"href":"https:\/\/gewi.bagru.at\/gezeit\/wp-json\/wp\/v2\/media?parent=8"}],"wp:term":[{"taxonomy":"author","embeddable":true,"href":"https:\/\/gewi.bagru.at\/gezeit\/wp-json\/wp\/v2\/coauthors?post=8"}],"curies":[{"name":"wp","href":"https:\/\/api.w.org\/{rel}","templated":true}]}}